{"id":105,"date":"2017-10-21T22:50:43","date_gmt":"2017-10-21T19:50:43","guid":{"rendered":"http:\/\/www.aseskombi.com\/?page_id=105"},"modified":"2025-09-17T20:29:40","modified_gmt":"2025-09-17T17:29:40","slug":"hakkimizda","status":"publish","type":"page","link":"http:\/\/www.aseskombi.com\/?page_id=105","title":{"rendered":"Hakk\u0131m\u0131zda"},"content":{"rendered":"<section id=\"hakkimizda\" style=\"font-family: Arial, sans-serif; color: #333; line-height: 1.6; padding: 20px; max-width: 900px; margin: auto;\">\n<h1 style=\"text-align: center; color: #f97316;\">Hakk\u0131m\u0131zda<\/h1>\n<p>Biz, <strong>Ases Klima<\/strong> olarak \u0131s\u0131tma ve so\u011futma sekt\u00f6r\u00fcnde y\u0131llard\u0131r g\u00fcvenle hizmet veren bir firmay\u0131z. M\u00fc\u015fterilerimize <strong>profesyonel kombi bak\u0131m\u0131, kombi servisi ve klima \u00e7\u00f6z\u00fcmleri<\/strong> sunuyoruz. Amac\u0131m\u0131z, ya\u015fam alanlar\u0131n\u0131z\u0131 her zaman konforlu ve g\u00fcvenli h\u00e2le getirmektir.<\/p>\n<h2 style=\"color: #f97316;\">Misyonumuz<\/h2>\n<ul style=\"list-style: none; padding: 0;\">\n<li style=\"margin-bottom: 10px;\"><span style=\"color: #f97316; margin-right: 10px;\">\ud83d\udd25<\/span> <strong>Konfor:<\/strong> M\u00fc\u015fterilerimizin ya\u015fam alanlar\u0131n\u0131 her zaman s\u0131cak ve konforlu tutmak.<\/li>\n<li style=\"margin-bottom: 10px;\"><span style=\"color: #f97316; margin-right: 10px;\">\ud83d\udee0\ufe0f<\/span> <strong>G\u00fcvenilir Hizmet:<\/strong> Profesyonel ve zaman\u0131nda hizmet anlay\u0131\u015f\u0131.<\/li>\n<li style=\"margin-bottom: 10px;\"><span style=\"color: #f97316; margin-right: 10px;\">\ud83d\udca7<\/span> <strong>Verimlilik:<\/strong> Enerji tasarrufu sa\u011flayan \u00e7\u00f6z\u00fcmlerle \u00e7evreye duyarl\u0131 hizmet.<\/li>\n<\/ul>\n<h2 style=\"color: #f97316;\">Vizyonumuz<\/h2>\n<p>Is\u0131tma ve so\u011futma sekt\u00f6r\u00fcnde <strong>lider ve g\u00fcvenilir bir marka<\/strong> olarak, teknoloji ve m\u00fc\u015fteri memnuniyetini bir arada sunmay\u0131 hedefliyoruz. Her zaman kaliteli hizmet ve \u00e7\u00f6z\u00fcm odakl\u0131 yakla\u015f\u0131m\u0131m\u0131zla fark yarat\u0131yoruz.<\/p>\n<h2 style=\"color: #f97316;\">De\u011ferlerimiz<\/h2>\n<ul style=\"list-style: none; padding: 0;\">\n<li style=\"margin-bottom: 10px;\"><span style=\"color: #f97316; margin-right: 10px;\">\ud83e\udd1d<\/span> <strong>M\u00fc\u015fteri Memnuniyeti:<\/strong> \u00d6nceli\u011fimiz her zaman m\u00fc\u015fterilerimizin g\u00fcveni ve memnuniyeti.<\/li>\n<li style=\"margin-bottom: 10px;\"><span style=\"color: #f97316; margin-right: 10px;\">\ud83d\udca1<\/span> <strong>Yenilik\u00e7ilik:<\/strong> Sekt\u00f6rdeki yenilikleri takip ederek modern \u00e7\u00f6z\u00fcmler sunmak.<\/li>\n<li style=\"margin-bottom: 10px;\"><span style=\"color: #f97316; margin-right: 10px;\">\ud83c\udf3f<\/span> <strong>\u00c7evre Duyarl\u0131l\u0131\u011f\u0131:<\/strong> Enerji verimli ve \u00e7evre dostu hizmet anlay\u0131\u015f\u0131.<\/li>\n<li style=\"margin-bottom: 10px;\"><span style=\"color: #f97316; margin-right: 10px;\">\ud83d\udee1\ufe0f<\/span> <strong>G\u00fcven:<\/strong> Her zaman \u015feffaf ve g\u00fcvenilir \u00e7al\u0131\u015fma prensibi.<\/li>\n<\/ul>\n<\/section>\n","protected":false},"excerpt":{"rendered":"<p>Hakk\u0131m\u0131zda Biz, Ases Klima olarak \u0131s\u0131tma ve so\u011futma sekt\u00f6r\u00fcnde y\u0131llard\u0131r g\u00fcvenle hizmet veren bir firmay\u0131z. M\u00fc\u015fterilerimize profesyonel kombi bak\u0131m\u0131, kombi servisi ve klima \u00e7\u00f6z\u00fcmleri sunuyoruz. Amac\u0131m\u0131z, ya\u015fam alanlar\u0131n\u0131z\u0131 her zaman konforlu ve g\u00fcvenli h\u00e2le getirmektir. Misyonumuz \ud83d\udd25 Konfor: M\u00fc\u015fterilerimizin ya\u015fam alanlar\u0131n\u0131 her zaman s\u0131cak ve konforlu tutmak. \ud83d\udee0\ufe0f G\u00fcvenilir Hizmet: Profesyonel ve zaman\u0131nda hizmet anlay\u0131\u015f\u0131.&hellip; <a class=\"more-link\" href=\"http:\/\/www.aseskombi.com\/?page_id=105\">Okumaya devam et <span class=\"screen-reader-text\">Hakk\u0131m\u0131zda<\/span><\/a><\/p>\n","protected":false},"author":2,"featured_media":0,"parent":0,"menu_order":0,"comment_status":"closed","ping_status":"closed","template":"","meta":{"footnotes":""},"class_list":["post-105","page","type-page","status-publish","hentry","entry"],"_links":{"self":[{"href":"http:\/\/www.aseskombi.com\/index.php?rest_route=\/wp\/v2\/pages\/105","targetHints":{"allow":["GET"]}}],"collection":[{"href":"http:\/\/www.aseskombi.com\/index.php?rest_route=\/wp\/v2\/pages"}],"about":[{"href":"http:\/\/www.aseskombi.com\/index.php?rest_route=\/wp\/v2\/types\/page"}],"author":[{"embeddable":true,"href":"http:\/\/www.aseskombi.com\/index.php?rest_route=\/wp\/v2\/users\/2"}],"replies":[{"embeddable":true,"href":"http:\/\/www.aseskombi.com\/index.php?rest_route=%2Fwp%2Fv2%2Fcomments&post=105"}],"version-history":[{"count":7,"href":"http:\/\/www.aseskombi.com\/index.php?rest_route=\/wp\/v2\/pages\/105\/revisions"}],"predecessor-version":[{"id":459,"href":"http:\/\/www.aseskombi.com\/index.php?rest_route=\/wp\/v2\/pages\/105\/revisions\/459"}],"wp:attachment":[{"href":"http:\/\/www.aseskombi.com\/index.php?rest_route=%2Fwp%2Fv2%2Fmedia&parent=105"}],"curies":[{"name":"wp","href":"https:\/\/api.w.org\/{rel}","templated":true}]}}