{"id":58,"date":"2017-10-21T12:23:57","date_gmt":"2017-10-21T09:23:57","guid":{"rendered":"http:\/\/www.aseskombi.com\/?page_id=58"},"modified":"2025-09-17T20:22:34","modified_gmt":"2025-09-17T17:22:34","slug":"iletisim","status":"publish","type":"page","link":"http:\/\/www.aseskombi.com\/?page_id=58","title":{"rendered":"\u0130leti\u015fim"},"content":{"rendered":"<h2><img decoding=\"async\" class=\"emoji\" role=\"img\" draggable=\"false\" src=\"https:\/\/s.w.org\/images\/core\/emoji\/16.0.1\/svg\/1f4de.svg\" alt=\"\ud83d\udcde\" \/>\u00a0Bizimle \u0130leti\u015fime Ge\u00e7in<\/h2>\n<p>Her t\u00fcrl\u00fc talep, soru ve teknik destek i\u00e7in ASES \u0130klimlendirme olarak yan\u0131n\u0131zday\u0131z.<\/p>\n<div>\n<h3><img decoding=\"async\" class=\"emoji\" role=\"img\" draggable=\"false\" src=\"https:\/\/s.w.org\/images\/core\/emoji\/16.0.1\/svg\/1f3e2.svg\" alt=\"\ud83c\udfe2\" \/>\u00a0Adresimiz<\/h3>\n<p><strong>ASES \u0130klimlendirme \u0130n\u015f. Yap\u0131 Tur. G\u0131da ve Taahh\u00fct San. Tic. Ltd. \u015eti.<\/strong><br \/>\n<img decoding=\"async\" class=\"emoji\" role=\"img\" draggable=\"false\" src=\"https:\/\/s.w.org\/images\/core\/emoji\/16.0.1\/svg\/1f4cd.svg\" alt=\"\ud83d\udccd\" \/>\u00a0Fetihtepe Mahallesi, Cami Sokak No: 21\/A<br \/>\nBeyo\u011flu \/ \u0130stanbul<\/p>\n<\/div>\n<div>\n<h3><img decoding=\"async\" class=\"emoji\" role=\"img\" draggable=\"false\" src=\"https:\/\/s.w.org\/images\/core\/emoji\/16.0.1\/svg\/260e.svg\" alt=\"\u260e\" \/>\u00a0Telefon Numaralar\u0131m\u0131z<\/h3>\n<p><strong>Sabit Hatlar:<\/strong><br \/>\n<img decoding=\"async\" class=\"emoji\" role=\"img\" draggable=\"false\" src=\"https:\/\/s.w.org\/images\/core\/emoji\/16.0.1\/svg\/1f4de.svg\" alt=\"\ud83d\udcde\" \/>\u00a0<a href=\"tel:+902122532737\">+90 (212) 253 27 37<\/a><br \/>\n<img decoding=\"async\" class=\"emoji\" role=\"img\" draggable=\"false\" src=\"https:\/\/s.w.org\/images\/core\/emoji\/16.0.1\/svg\/1f4de.svg\" alt=\"\ud83d\udcde\" \/>\u00a0<a href=\"tel:+902122532738\">+90 (212) 253 27 38<\/a><br \/>\n<img decoding=\"async\" class=\"emoji\" role=\"img\" draggable=\"false\" src=\"https:\/\/s.w.org\/images\/core\/emoji\/16.0.1\/svg\/1f4de.svg\" alt=\"\ud83d\udcde\" \/>\u00a0<a href=\"tel:+902122532728\">+90 (212) 253 27 28<\/a><\/p>\n<p><strong>Mobil Hatlar:<\/strong><br \/>\n<img decoding=\"async\" class=\"emoji\" role=\"img\" draggable=\"false\" src=\"https:\/\/s.w.org\/images\/core\/emoji\/16.0.1\/svg\/1f4f1.svg\" alt=\"\ud83d\udcf1\" \/>\u00a0<a href=\"tel:+905530962738\">+90 (553) 096 27 38<\/a><br \/>\n<img decoding=\"async\" class=\"emoji\" role=\"img\" draggable=\"false\" src=\"https:\/\/s.w.org\/images\/core\/emoji\/16.0.1\/svg\/1f4f1.svg\" alt=\"\ud83d\udcf1\" \/>\u00a0<a href=\"tel:+905336581790\">+90 (533) 658 17 90<\/a><\/p>\n<p><strong>E-posta:<\/strong><br \/>\n<img decoding=\"async\" class=\"emoji\" role=\"img\" draggable=\"false\" src=\"https:\/\/s.w.org\/images\/core\/emoji\/16.0.1\/svg\/2709.svg\" alt=\"\u2709\ufe0f\" \/>\u00a0<a href=\"mailto:info@asesiklimlendirme.com.tr\">info@asesiklimlendirme.com.tr<\/a><\/p>\n<\/div>\n<div>\n<h3><img decoding=\"async\" class=\"emoji\" role=\"img\" draggable=\"false\" src=\"https:\/\/s.w.org\/images\/core\/emoji\/16.0.1\/svg\/1f552.svg\" alt=\"\ud83d\udd52\" \/>\u00a0\u00c7al\u0131\u015fma Saatlerimiz<\/h3>\n<p><strong>Genel Merkez:<\/strong><br \/>\n<img decoding=\"async\" class=\"emoji\" role=\"img\" draggable=\"false\" src=\"https:\/\/s.w.org\/images\/core\/emoji\/16.0.1\/svg\/1f5c2.svg\" alt=\"\ud83d\uddc2\" \/>\u00a0Hafta \u0130\u00e7i: 08:00 \u2013 19:00<br \/>\n<img decoding=\"async\" class=\"emoji\" role=\"img\" draggable=\"false\" src=\"https:\/\/s.w.org\/images\/core\/emoji\/16.0.1\/svg\/1f5c2.svg\" alt=\"\ud83d\uddc2\" \/>\u00a0Cumartesi \u2013 Pazar: 10:00 \u2013 19:00<\/p>\n<p><strong>Teknik Servis:<\/strong><br \/>\n<img decoding=\"async\" class=\"emoji\" role=\"img\" draggable=\"false\" src=\"https:\/\/s.w.org\/images\/core\/emoji\/16.0.1\/svg\/2699.svg\" alt=\"\u2699\ufe0f\" \/>\u00a0<strong>7\/24 hizmet<\/strong>\u00a0\u2013 Her zaman arayabilirsiniz<\/p>\n<\/div>\n","protected":false},"excerpt":{"rendered":"<p>\u00a0Bizimle \u0130leti\u015fime Ge\u00e7in Her t\u00fcrl\u00fc talep, soru ve teknik destek i\u00e7in ASES \u0130klimlendirme olarak yan\u0131n\u0131zday\u0131z. \u00a0Adresimiz ASES \u0130klimlendirme \u0130n\u015f. Yap\u0131 Tur. G\u0131da ve Taahh\u00fct San. Tic. Ltd. \u015eti. \u00a0Fetihtepe Mahallesi, Cami Sokak No: 21\/A Beyo\u011flu \/ \u0130stanbul \u00a0Telefon Numaralar\u0131m\u0131z Sabit Hatlar: \u00a0+90 (212) 253 27 37 \u00a0+90 (212) 253 27 38 \u00a0+90 (212) 253 27&hellip; <a class=\"more-link\" href=\"http:\/\/www.aseskombi.com\/?page_id=58\">Okumaya devam et <span class=\"screen-reader-text\">\u0130leti\u015fim<\/span><\/a><\/p>\n","protected":false},"author":2,"featured_media":0,"parent":0,"menu_order":0,"comment_status":"closed","ping_status":"closed","template":"","meta":{"footnotes":""},"class_list":["post-58","page","type-page","status-publish","hentry","entry"],"_links":{"self":[{"href":"http:\/\/www.aseskombi.com\/index.php?rest_route=\/wp\/v2\/pages\/58","targetHints":{"allow":["GET"]}}],"collection":[{"href":"http:\/\/www.aseskombi.com\/index.php?rest_route=\/wp\/v2\/pages"}],"about":[{"href":"http:\/\/www.aseskombi.com\/index.php?rest_route=\/wp\/v2\/types\/page"}],"author":[{"embeddable":true,"href":"http:\/\/www.aseskombi.com\/index.php?rest_route=\/wp\/v2\/users\/2"}],"replies":[{"embeddable":true,"href":"http:\/\/www.aseskombi.com\/index.php?rest_route=%2Fwp%2Fv2%2Fcomments&post=58"}],"version-history":[{"count":10,"href":"http:\/\/www.aseskombi.com\/index.php?rest_route=\/wp\/v2\/pages\/58\/revisions"}],"predecessor-version":[{"id":452,"href":"http:\/\/www.aseskombi.com\/index.php?rest_route=\/wp\/v2\/pages\/58\/revisions\/452"}],"wp:attachment":[{"href":"http:\/\/www.aseskombi.com\/index.php?rest_route=%2Fwp%2Fv2%2Fmedia&parent=58"}],"curies":[{"name":"wp","href":"https:\/\/api.w.org\/{rel}","templated":true}]}}